{"id":440,"date":"2022-10-23T20:41:09","date_gmt":"2022-10-23T18:41:09","guid":{"rendered":"https:\/\/www.neicut.com\/?page_id=440"},"modified":"2024-02-27T22:09:02","modified_gmt":"2024-02-27T20:09:02","slug":"acasa","status":"publish","type":"page","link":"https:\/\/www.neicut.com\/","title":{"rendered":"Acas\u0103"},"content":{"rendered":"\n<p class=\"has-medium-font-size\"><strong>Pentru c\u0103 am \u00een\u021beles c\u00e2t de mult conteaz\u0103 pentru dumneavoastr\u0103, acum oferim garan\u021bie 20 ani pentru instala\u021biile electrice.<\/strong><\/p>\n\n\n\n<p>    <\/p>\n\n\n\n<figure class=\"wp-block-gallery has-nested-images columns-default is-cropped wp-block-gallery-1 is-layout-flex wp-block-gallery-is-layout-flex\"><\/figure>\n\n\n\n<div class=\"wp-block-media-text alignwide is-stacked-on-mobile\" style=\"grid-template-columns:15% auto\"><figure class=\"wp-block-media-text__media\"><img loading=\"lazy\" decoding=\"async\" width=\"200\" height=\"203\" src=\"https:\/\/www.neicut.com\/wp-content\/uploads\/2022\/11\/ISO9001.png\" alt=\"\" class=\"wp-image-477 size-full\"\/><\/figure><div class=\"wp-block-media-text__content\">\n<p>Pentru noi, este foarte important\u0103 rela\u021bia cu clien\u021bii \u0219i partenerii no\u0219tri, motiv pentru care, dorim s\u0103 \u0219tim, unde putem \u00eembunata\u021bi  procesul de proiectare \u0219i  implementare \/v\u00e2nzare, a diferitelor servicii derulate \u00een baza unui contract valid . <\/p>\n\n\n\n<p>V\u0103 punem la dispozi\u021bie, toate uneltele necesare, pentru a ne face cunoscute p\u0103rerile dumneavoastr\u0103, vizavi de derularea contractelor, vizavi de modul de lucru, de profesionalismul echipelor noastre din teren, dar \u0219i de la birourile de proiectare. <\/p>\n\n\n\n<div class=\"wp-block-columns is-layout-flex wp-container-core-columns-is-layout-9d6595d7 wp-block-columns-is-layout-flex\">\n<div class=\"wp-block-column is-layout-flow wp-block-column-is-layout-flow\"><\/div>\n<\/div>\n<\/div><\/div>\n\n\n\n<div class=\"wp-block-columns is-layout-flex wp-container-core-columns-is-layout-9d6595d7 wp-block-columns-is-layout-flex\"><\/div>\n\n\n\n<div class=\"wp-block-media-text alignwide is-stacked-on-mobile\" style=\"grid-template-columns:15% auto\"><figure class=\"wp-block-media-text__media\"><img loading=\"lazy\" decoding=\"async\" width=\"300\" height=\"265\" src=\"https:\/\/www.neicut.com\/wp-content\/uploads\/2022\/11\/anre-sigla-1-300x265-2.jpg\" alt=\"\" class=\"wp-image-483 size-full\"\/><\/figure><div class=\"wp-block-media-text__content\">\n<p class=\"has-black-color has-text-color\"><strong>SC Neicu\u021b Instal Construct SRL este atestat\u0103  ANRE Tip B <strong>Nr. 18903\/21.12.2022<\/strong> \u0219i poate s\u0103 execute:<\/strong><\/p>\n\n\n\n<ul class=\"wp-block-list\">\n<li>Instala\u021bii electrice exterioare \/ interioare aferente incintelor\/ cl\u0103dirilor civile \u0219i cl\u0103dirilor industriale<\/li>\n\n\n\n<li>Instala\u021bii de utilizare de joas\u0103 tensiune,<\/li>\n\n\n\n<li>Bran\u0219amente electrice aeriene si subterane, monofazate si trifazate, la o tensiune nominala de maxim 0,4 kV,<\/li>\n\n\n\n<li>Instalatie de racordare la joas\u0103 tensiune destinat\u0103 alimentarii cu energie electric\u0103 a unui singur loc de consum, executat\u0103 din re\u021beaua de joas\u0103 tensiune sau tabloul \/ cutia de distribu\u021bie a postului de transformare,<\/li>\n\n\n\n<li>Executare, verificare, m\u0103surare prize de p\u0103m\u00e2nt, instala\u021bii de legare la p\u0103m\u00e2nt \u0219i de paratr\u0103snet aferente cl\u0103dirilor civile \u0219i industriale,<\/li>\n\n\n\n<li>Realizeaza incerc\u0103ri\/ m\u0103suratori la echipamentele \u0219i instala\u021biile electrice, de joas\u0103 tensiune, conform reglement\u0103rilor legale din domeniu.<\/li>\n\n\n\n<li>Lucr\u0103ri de mentenan\u021b\u0103 la corpurile de iluminat stradal pietonal si rutier, temporar festiv \u0219i ornamental sau ornamental festiv, racordate la instala\u021biile electrice publice,<\/li>\n\n\n\n<li>Realizeaz\u0103 \u00eencerc\u0103ri \/ m\u0103sur\u0103tori la echipamentele \u0219i instala\u021biile electrice, de joas\u0103 tensiune.<\/li>\n<\/ul>\n<\/div><\/div>\n\n\n\n<div class=\"wp-block-columns is-layout-flex wp-container-core-columns-is-layout-9d6595d7 wp-block-columns-is-layout-flex\">\n<div class=\"wp-block-column is-layout-flow wp-block-column-is-layout-flow\" style=\"flex-basis:66.66%\">\n<p><p>Clienti multumiti : <\/p>\n<div class=\"wppb-wrapper \"><div class=\"wppb-progress fixed\"><span style=\"width: 99%;\"><span><\/span><\/span><\/div><\/div><\/p>\n\n\n\n<ul class=\"wp-block-list\">\n<li> \n<ul class=\"wp-block-list\">\n<li>\n<ul class=\"wp-block-list\">\n<li>\n<ul class=\"wp-block-list\">\n<li>\n<ul class=\"wp-block-list\">\n<li>\n<ul class=\"wp-block-list\">\n<li><\/li>\n\n\n\n<li>      <\/li>\n<\/ul>\n<\/li>\n<\/ul>\n<\/li>\n<\/ul>\n<\/li>\n<\/ul>\n<\/li>\n<\/ul>\n<\/li>\n<\/ul>\n<\/div>\n\n\n\n<div class=\"wp-block-column is-layout-flow wp-block-column-is-layout-flow\" style=\"flex-basis:33.33%\"><\/div>\n<\/div>\n\n\n\n<div class=\"wp-block-group\"><div class=\"wp-block-group__inner-container is-layout-constrained wp-block-group-is-layout-constrained\">\n<div class=\"wp-block-group\"><div class=\"wp-block-group__inner-container is-layout-constrained wp-block-group-is-layout-constrained\">\n<div class=\"wp-block-columns is-layout-flex wp-container-core-columns-is-layout-9d6595d7 wp-block-columns-is-layout-flex\">\n<div class=\"wp-block-column is-layout-flow wp-block-column-is-layout-flow\" style=\"flex-basis:100%\"><\/div>\n<\/div>\n<\/div><\/div>\n<\/div><\/div>\n","protected":false},"excerpt":{"rendered":"<p>Pentru c\u0103 am \u00een\u021beles c\u00e2t de mult conteaz\u0103 pentru dumneavoastr\u0103, acum oferim garan\u021bie 20 ani pentru instala\u021biile electrice. Clienti multumiti :<\/p>\n","protected":false},"author":1,"featured_media":0,"parent":0,"menu_order":0,"comment_status":"closed","ping_status":"closed","template":"","meta":{"footnotes":""},"class_list":["post-440","page","type-page","status-publish","hentry"],"_links":{"self":[{"href":"https:\/\/www.neicut.com\/index.php\/wp-json\/wp\/v2\/pages\/440","targetHints":{"allow":["GET"]}}],"collection":[{"href":"https:\/\/www.neicut.com\/index.php\/wp-json\/wp\/v2\/pages"}],"about":[{"href":"https:\/\/www.neicut.com\/index.php\/wp-json\/wp\/v2\/types\/page"}],"author":[{"embeddable":true,"href":"https:\/\/www.neicut.com\/index.php\/wp-json\/wp\/v2\/users\/1"}],"replies":[{"embeddable":true,"href":"https:\/\/www.neicut.com\/index.php\/wp-json\/wp\/v2\/comments?post=440"}],"version-history":[{"count":43,"href":"https:\/\/www.neicut.com\/index.php\/wp-json\/wp\/v2\/pages\/440\/revisions"}],"predecessor-version":[{"id":586,"href":"https:\/\/www.neicut.com\/index.php\/wp-json\/wp\/v2\/pages\/440\/revisions\/586"}],"wp:attachment":[{"href":"https:\/\/www.neicut.com\/index.php\/wp-json\/wp\/v2\/media?parent=440"}],"curies":[{"name":"wp","href":"https:\/\/api.w.org\/{rel}","templated":true}]}}