{"id":403,"date":"2022-10-23T19:24:35","date_gmt":"2022-10-23T17:24:35","guid":{"rendered":"https:\/\/www.neicut.com\/?page_id=403"},"modified":"2025-11-06T10:54:50","modified_gmt":"2025-11-06T08:54:50","slug":"garantie-conditii-de-acordare","status":"publish","type":"page","link":"https:\/\/www.neicut.com\/index.php\/garantie-conditii-de-acordare\/","title":{"rendered":"Garan\u021bie &#038; Condi\u021bii"},"content":{"rendered":"\n<p class=\"has-medium-font-size\"><strong>Garan\u021bii<\/strong> :<\/p>\n\n\n\n<ul class=\"wp-block-list has-medium-font-size\">\n<li><strong>Garan\u021bia pentru lucr\u0103rile efectuate, este un factor important de decizie, cand vine vorba de alegerea firmei cu care s\u0103 colabora\u021bi, astfel ne-am hotar\u00e2t sa extindem garan\u021bia pentru instala\u021bia electric\u0103 (cabluri ) de la 2 ani la 20 ani. Astfel clien\u021bii no\u0219tri vor fi mai lini\u0219ti\u021bi \u0219tiind c\u0103 oric\u00e2nd un electrician va remedia un defect ap\u0103rut ca urmare a unui defect de fabrica\u021bie, care de cele mai multe ori apare dup\u0103 expirarea garan\u021biei mult prea mici \u00een raport cu pre\u021bul pl\u0103tit.<\/strong><\/li>\n<\/ul>\n\n\n\n<ul class=\"wp-block-list has-medium-font-size\">\n<li>Acord\u0103m<strong> urm\u0103toarele garan\u021bii :<\/strong><\/li>\n<\/ul>\n\n\n\n<ol class=\"wp-block-list has-medium-font-size\">\n<li>1. Tablouri \u0219i echipamente din tablouri &#8211;<strong> 2 ani <\/strong><\/li>\n\n\n\n<li>2. \u00centrerup\u0103toare \u0219i prize &#8211;<strong> 2 ani <\/strong><\/li>\n\n\n\n<li>3. Instala\u021bii electrice (trasee de cabluri) &#8211;<strong> 20 ani<\/strong><\/li>\n<\/ol>\n\n\n\n<p><\/p>\n\n\n\n<p class=\"has-medium-font-size\"><strong>Condi\u021bionarea garan\u021biei :<\/strong><\/p>\n\n\n\n<ol class=\"wp-block-list has-medium-font-size\">\n<li>La instala\u021bia electric\u0103 nu intervine dec\u00e2t personalul firmei noastre ,care execut\u0103 lucrarea, orice alt\u0103 interven\u021bie neautorizat\u0103 \u00een scris de firma noastr\u0103 duce la anularea garan\u021biei (punctele 1 si 2 de la Garan\u021bii)<\/li>\n\n\n\n<li>Nerespectarea condi\u021biilor prev\u0103zute \u00een fi\u0219a tehnic\u0103 a produsului, afi\u0219ate pe site-ul produc\u0103torului atrage anularea garan\u021biei (punctele 1 si 2 de la Garan\u021bii)<\/li>\n\n\n\n<li>Distrugerea accidental\u0103 sau inten\u021bionat\u0103 a traseelor de cabluri atrage anularea garan\u021biei pentru instala\u021biile electrice (punctul 3 de la Garan\u021bii)<\/li>\n\n\n\n<li>\u00cen caz de dezastru natural care afecteaz\u0103 instala\u021biile \u0219i echipamentele firma noastra nu i\u0219i asuma nici o responsabilitate \u0219i nu acopera pierderile<\/li>\n\n\n\n<li>\u00cen cazul \u00een care clientul \u00eenlocuie\u0219te sau elimin\u0103 sistemele de protec\u021bie instalate garan\u021bia instala\u021biei, echipamentelor . \u00eentrerup\u0103toarelor \u0219i prizelor se pierde (punctele 1,2 si 3 de la Garan\u021bii)<\/li>\n<\/ol>\n\n\n\n<p>Acesta este un rezumat minim, condi\u021biile acord\u0103rii garan\u021biilor c\u00e2t \u0219i garan\u021biile le ve\u021bi reg\u0103si ca anex\u0103 la contract<\/p>\n\n\n\n<p><\/p>\n\n\n\n<p><\/p>\n\n\n\n<p><\/p>\n\n\n\n<p><\/p>\n\n\n\n<p><\/p>\n","protected":false},"excerpt":{"rendered":"<p>Garan\u021bii : Condi\u021bionarea garan\u021biei : Acesta este un rezumat minim, condi\u021biile acord\u0103rii garan\u021biilor c\u00e2t \u0219i garan\u021biile le ve\u021bi reg\u0103si ca anex\u0103 la contract<\/p>\n","protected":false},"author":1,"featured_media":0,"parent":0,"menu_order":0,"comment_status":"closed","ping_status":"closed","template":"","meta":{"footnotes":""},"class_list":["post-403","page","type-page","status-publish","hentry"],"_links":{"self":[{"href":"https:\/\/www.neicut.com\/index.php\/wp-json\/wp\/v2\/pages\/403","targetHints":{"allow":["GET"]}}],"collection":[{"href":"https:\/\/www.neicut.com\/index.php\/wp-json\/wp\/v2\/pages"}],"about":[{"href":"https:\/\/www.neicut.com\/index.php\/wp-json\/wp\/v2\/types\/page"}],"author":[{"embeddable":true,"href":"https:\/\/www.neicut.com\/index.php\/wp-json\/wp\/v2\/users\/1"}],"replies":[{"embeddable":true,"href":"https:\/\/www.neicut.com\/index.php\/wp-json\/wp\/v2\/comments?post=403"}],"version-history":[{"count":25,"href":"https:\/\/www.neicut.com\/index.php\/wp-json\/wp\/v2\/pages\/403\/revisions"}],"predecessor-version":[{"id":598,"href":"https:\/\/www.neicut.com\/index.php\/wp-json\/wp\/v2\/pages\/403\/revisions\/598"}],"wp:attachment":[{"href":"https:\/\/www.neicut.com\/index.php\/wp-json\/wp\/v2\/media?parent=403"}],"curies":[{"name":"wp","href":"https:\/\/api.w.org\/{rel}","templated":true}]}}